{"id":2,"date":"2016-05-10T03:48:21","date_gmt":"2016-05-10T03:48:21","guid":{"rendered":"http:\/\/rt-12.de\/?page_id=2"},"modified":"2025-07-15T11:10:38","modified_gmt":"2025-07-15T11:10:38","slug":"home","status":"publish","type":"page","link":"https:\/\/rt-12.de\/","title":{"rendered":"Willkommen"},"content":{"rendered":"\t\t<div data-elementor-type=\"wp-page\" data-elementor-id=\"2\" class=\"elementor elementor-2\">\n\t\t\t\t\t\t<section class=\"elementor-section elementor-top-section elementor-element elementor-element-0b62d31 elementor-section-boxed elementor-section-height-default elementor-section-height-default\" data-id=\"0b62d31\" data-element_type=\"section\">\n\t\t\t\t\t\t<div class=\"elementor-container elementor-column-gap-default\">\n\t\t\t\t\t<div class=\"elementor-column elementor-col-100 elementor-top-column elementor-element elementor-element-955f9f0\" data-id=\"955f9f0\" data-element_type=\"column\">\n\t\t\t<div class=\"elementor-widget-wrap elementor-element-populated\">\n\t\t\t\t\t\t<div class=\"elementor-element elementor-element-0fc4682 elementor-widget elementor-widget-heading\" data-id=\"0fc4682\" data-element_type=\"widget\" data-widget_type=\"heading.default\">\n\t\t\t\t<div class=\"elementor-widget-container\">\n\t\t\t<h1 class=\"elementor-heading-title elementor-size-default\">Herzlich Willkommen bei RT 12 Emden\/Leer<\/h1>\t\t<\/div>\n\t\t\t\t<\/div>\n\t\t\t\t<div class=\"elementor-element elementor-element-28cb404 elementor-widget elementor-widget-spacer\" data-id=\"28cb404\" data-element_type=\"widget\" data-widget_type=\"spacer.default\">\n\t\t\t\t<div class=\"elementor-widget-container\">\n\t\t\t\t\t<div class=\"elementor-spacer\">\n\t\t\t<div class=\"elementor-spacer-inner\"><\/div>\n\t\t<\/div>\n\t\t\t\t<\/div>\n\t\t\t\t<\/div>\n\t\t\t\t\t<\/div>\n\t\t<\/div>\n\t\t\t\t\t<\/div>\n\t\t<\/section>\n\t\t\t\t<section class=\"elementor-section elementor-top-section elementor-element elementor-element-cbdd4ae elementor-section-boxed elementor-section-height-default elementor-section-height-default\" data-id=\"cbdd4ae\" data-element_type=\"section\">\n\t\t\t\t\t\t<div class=\"elementor-container elementor-column-gap-default\">\n\t\t\t\t\t<div class=\"elementor-column elementor-col-100 elementor-top-column elementor-element elementor-element-ed9ac09\" data-id=\"ed9ac09\" data-element_type=\"column\">\n\t\t\t<div class=\"elementor-widget-wrap elementor-element-populated\">\n\t\t\t\t\t\t<div class=\"elementor-element elementor-element-4063b1b elementor-widget elementor-widget-text-editor\" data-id=\"4063b1b\" data-element_type=\"widget\" data-widget_type=\"text-editor.default\">\n\t\t\t\t<div class=\"elementor-widget-container\">\n\t\t\t\t\t\t\t<div><p><img decoding=\"async\" title=\"\" src=\"http:\/\/rt-12.de\/clear.gif\" alt=\"\" width=\"1\" height=\"5\" border=\"0\" \/><span style=\"font-weight: bold;\">RT 12 Emden\/Leer<\/span>\u00a0&#8211; das sind junge M\u00e4nner im Alter bis 40 Jahren aus unterschiedlichen Berufen und Wirkungskreisen. RT 12 wurde 1958 gegr\u00fcndet und ist damit einer der \u00e4ltesten Tische in Deutschland. Weitere Informationen zu Round Table Deutschland gibt es unter\u00a0<a style=\"background-color: #ffffff;\" href=\"http:\/\/www.round-table.de\/\" target=\"_blank\" rel=\"noopener\">www.round-table.de<\/a>.<\/p><p>Neben dem Austausch untereinander und der damit verbundenen Auseinandersetzung mit verschiedensten Standpunkten und Meinungen, steht bei Round Table der Service-Gedanke im Mittelpunkt.<\/p><p>Der besondere Zweck unseres Tisches ist die F\u00f6rderung von benachteiligten Kindern und Jugendlichen hier in Ostfriesland. Mit gro\u00dfem Engagement, in dem nicht nur das Geld sondern der pers\u00f6nliche Einsatz z\u00e4hlt helfen wir auch gerne Organisationen und ehrenamtlichen Helfern, die sonst im Schatten stehen.\u00a0<\/p><\/div><p><span style=\"font-weight: bold;\">Kennen Sie eine Person oder Organisation die es verdient gef\u00f6rdert zu werden, sprechen Sie uns jederzeit an!<\/span><\/p><p><span style=\"font-weight: bold;\">\u00a0<\/span><\/p>\t\t\t\t\t\t<\/div>\n\t\t\t\t<\/div>\n\t\t\t\t\t<\/div>\n\t\t<\/div>\n\t\t\t\t\t<\/div>\n\t\t<\/section>\n\t\t\t\t<section class=\"elementor-section elementor-top-section elementor-element elementor-element-b2848ed elementor-section-boxed elementor-section-height-default elementor-section-height-default\" data-id=\"b2848ed\" data-element_type=\"section\">\n\t\t\t\t\t\t<div class=\"elementor-container elementor-column-gap-default\">\n\t\t\t\t\t<div class=\"elementor-column elementor-col-100 elementor-top-column elementor-element elementor-element-d9b33a4\" data-id=\"d9b33a4\" data-element_type=\"column\">\n\t\t\t<div class=\"elementor-widget-wrap elementor-element-populated\">\n\t\t\t\t\t\t<div class=\"elementor-element elementor-element-1681818 elementor-widget elementor-widget-text-editor\" data-id=\"1681818\" data-element_type=\"widget\" data-widget_type=\"text-editor.default\">\n\t\t\t\t<div class=\"elementor-widget-container\">\n\t\t\t\t\t\t\t<h2><b>Man findet uns regelm\u00e4\u00dfig an unseren etablierten St\u00e4nden zur Spendengenerierung<\/b><\/h2><section style=\"flex-basis: var(--flex-basis); flex-grow: var(--flex-grow); flex-shrink: var(--flex-shrink); order: var(--order); align-self: var(--align-self); --swiper-theme-color: #000; --swiper-navigation-size: 44px; --swiper-pagination-bullet-size: 6px; --swiper-pagination-bullet-horizontal-gap: 6px;\" data-id=\"2ff85b7\" data-element_type=\"section\"><div style=\"flex-basis: var(--flex-basis); flex-grow: var(--flex-grow); flex-shrink: var(--flex-shrink); order: var(--order); align-self: var(--align-self); --swiper-theme-color: #000; --swiper-navigation-size: 44px; --swiper-pagination-bullet-size: 6px; --swiper-pagination-bullet-horizontal-gap: 6px; width: 1020px;\" data-id=\"8de5e9c\" data-element_type=\"column\"><div style=\"width: 1020px;\"><div style=\"flex-basis: var(--flex-basis); flex-grow: var(--flex-grow); flex-shrink: var(--flex-shrink); order: var(--order); align-self: var(--align-self); flex-direction: var(--flex-direction); flex-wrap: var(--flex-wrap); justify-content: var(--justify-content); align-items: var(--align-items); align-content: var(--align-content); gap: var(--gap); --swiper-theme-color: #000; --swiper-navigation-size: 44px; --swiper-pagination-bullet-size: 6px; --swiper-pagination-bullet-horizontal-gap: 6px; width: 1000px;\" data-id=\"4c6eea6\" data-element_type=\"widget\" data-widget_type=\"text-editor.default\"><div style=\"transition: background .3s,border .3s,border-radius .3s,box-shadow .3s,transform var(--e-transform-transition-duration,.4s);\"><p>Durch die Einnahmen von diesen Service-Projekten konnten in den vergangenen Jahren mehrere zehntausend Euro f\u00fcr Kinder und Jugendliche in der Region gespendet werden!<\/p><\/div><\/div><\/div><\/div><\/section>\t\t\t\t\t\t<\/div>\n\t\t\t\t<\/div>\n\t\t\t\t\t<\/div>\n\t\t<\/div>\n\t\t\t\t\t<\/div>\n\t\t<\/section>\n\t\t\t\t<section class=\"elementor-section elementor-top-section elementor-element elementor-element-eefb168 elementor-section-full_width elementor-section-height-default elementor-section-height-default\" data-id=\"eefb168\" data-element_type=\"section\">\n\t\t\t\t\t\t<div class=\"elementor-container elementor-column-gap-default\">\n\t\t\t\t\t<div class=\"elementor-column elementor-col-50 elementor-top-column elementor-element elementor-element-573e9cc\" data-id=\"573e9cc\" data-element_type=\"column\">\n\t\t\t<div class=\"elementor-widget-wrap elementor-element-populated\">\n\t\t\t\t\t\t<div class=\"elementor-element elementor-element-dea1687 elementor-widget elementor-widget-text-editor\" data-id=\"dea1687\" data-element_type=\"widget\" data-widget_type=\"text-editor.default\">\n\t\t\t\t<div class=\"elementor-widget-container\">\n\t\t\t\t\t\t\t<div style=\"border: 0px; margin: 0px; padding: 0px; box-sizing: border-box; color: #3a3a3a; font-family: Verdana, Geneva, sans-serif; font-size: 17px; font-style: normal; font-variant-ligatures: normal; font-variant-caps: normal; font-weight: 400; letter-spacing: normal; orphans: 2; text-align: start; text-indent: 0px; text-transform: none; widows: 2; word-spacing: 0px; -webkit-text-stroke-width: 0px; white-space: normal; background-color: #ffffff; text-decoration-thickness: initial; text-decoration-style: initial; text-decoration-color: initial; flex-basis: var(--flex-basis); flex-grow: var(--flex-grow); flex-shrink: var(--flex-shrink); order: var(--order); align-self: var(--align-self); --swiper-theme-color: #000; --swiper-navigation-size: 44px; --swiper-pagination-bullet-size: 6px; --swiper-pagination-bullet-horizontal-gap: 6px; width: 510px;\" data-id=\"089894b\" data-element_type=\"column\"><div style=\"border: 0px; margin: 0px; padding: 0px; box-sizing: border-box; width: 510px;\"><div style=\"border: 0px; margin: 0px; padding: 0px; box-sizing: border-box; flex-basis: var(--flex-basis); flex-grow: var(--flex-grow); flex-shrink: var(--flex-shrink); order: var(--order); align-self: var(--align-self); flex-direction: var(--flex-direction); flex-wrap: var(--flex-wrap); justify-content: var(--justify-content); align-items: var(--align-items); align-content: var(--align-content); gap: var(--gap); --swiper-theme-color: #000; --swiper-navigation-size: 44px; --swiper-pagination-bullet-size: 6px; --swiper-pagination-bullet-horizontal-gap: 6px; width: 490px;\" data-id=\"c2dbe1f\" data-element_type=\"widget\" data-widget_type=\"heading.default\"><h2 style=\"border: 0px; margin: 0px 0px 20px; padding: 0px; box-sizing: border-box; transition: background .3s,border .3s,border-radius .3s,box-shadow .3s,transform var(--e-transform-transition-duration,.4s);\"><strong><span style=\"font-family: inherit; font-size: 20px; font-style: inherit;\">Feuerzangenbowle auf dem Wiehnachtsmarkt Achter d\u2019Waag<\/span><\/strong><\/h2><\/div><\/div><\/div><div style=\"border: 0px; margin: 0px; padding: 0px; box-sizing: border-box; color: #3a3a3a; font-family: Verdana, Geneva, sans-serif; font-size: 17px; font-style: normal; font-variant-ligatures: normal; font-variant-caps: normal; font-weight: 400; letter-spacing: normal; orphans: 2; text-align: start; text-indent: 0px; text-transform: none; widows: 2; word-spacing: 0px; -webkit-text-stroke-width: 0px; white-space: normal; background-color: #ffffff; text-decoration-thickness: initial; text-decoration-style: initial; text-decoration-color: initial; flex-basis: var(--flex-basis); flex-grow: var(--flex-grow); flex-shrink: var(--flex-shrink); order: var(--order); align-self: var(--align-self); --swiper-theme-color: #000; --swiper-navigation-size: 44px; --swiper-pagination-bullet-size: 6px; --swiper-pagination-bullet-horizontal-gap: 6px; width: 510px;\" data-id=\"d4a3b5e\" data-element_type=\"column\"><div style=\"border: 0px; margin: 0px; padding: 0px; box-sizing: border-box; width: 510px;\"><div style=\"border: 0px; margin: 0px; padding: 0px; box-sizing: border-box; flex-basis: var(--flex-basis); flex-grow: var(--flex-grow); flex-shrink: var(--flex-shrink); order: var(--order); align-self: var(--align-self); flex-direction: var(--flex-direction); flex-wrap: var(--flex-wrap); justify-content: var(--justify-content); align-items: var(--align-items); align-content: var(--align-content); gap: var(--gap); --swiper-theme-color: #000; --swiper-navigation-size: 44px; --swiper-pagination-bullet-size: 6px; --swiper-pagination-bullet-horizontal-gap: 6px; width: 490px;\" data-id=\"c4ccef4\" data-element_type=\"widget\" data-widget_type=\"text-editor.default\"><div style=\"border: 0px; margin: 0px; padding: 0px; box-sizing: border-box; transition: background .3s,border .3s,border-radius .3s,box-shadow .3s,transform var(--e-transform-transition-duration,.4s);\"><p style=\"border: 0px; margin: 0px 0px 1.5em; padding: 0px; box-sizing: border-box;\">Alle Jahre wieder verkauft RT 12 an den Adventssonntagen eine Feuerzangen-bowle auf dem traditionellen Wiehnachtsmarkt Achter d\u2019Waag in Leer. Gekleidet in Frack und Zylinder, in Anlehnung an den Film Die Feuerzangen-bowle, werden die Besucher mit der Bowle aus dem Kupferkessel versorgt.<\/p><p style=\"border: 0px; margin: 0px 0px 1.5em; padding: 0px; box-sizing: border-box;\">\u00a0<\/p><\/div><\/div><\/div><\/div>\t\t\t\t\t\t<\/div>\n\t\t\t\t<\/div>\n\t\t\t\t<div class=\"elementor-element elementor-element-f848f1b elementor-widget elementor-widget-image\" data-id=\"f848f1b\" data-element_type=\"widget\" data-widget_type=\"image.default\">\n\t\t\t\t<div class=\"elementor-widget-container\">\n\t\t\t\t\t\t\t\t\t\t\t\t\t<img decoding=\"async\" src=\"https:\/\/rt-12.de\/wp-content\/uploads\/2024\/10\/20221211_190928-1-scaled.jpg\" title=\"20221211_190928-1\" alt=\"\" loading=\"lazy\" \/>\t\t\t\t\t\t\t\t\t\t\t\t\t<\/div>\n\t\t\t\t<\/div>\n\t\t\t\t\t<\/div>\n\t\t<\/div>\n\t\t\t\t<div class=\"elementor-column elementor-col-50 elementor-top-column elementor-element elementor-element-d419e3d\" data-id=\"d419e3d\" data-element_type=\"column\">\n\t\t\t<div class=\"elementor-widget-wrap elementor-element-populated\">\n\t\t\t\t\t\t<div class=\"elementor-element elementor-element-4dd2ecc elementor-widget elementor-widget-text-editor\" data-id=\"4dd2ecc\" data-element_type=\"widget\" data-widget_type=\"text-editor.default\">\n\t\t\t\t<div class=\"elementor-widget-container\">\n\t\t\t\t\t\t\t<div style=\"flex-basis: var(--flex-basis); flex-grow: var(--flex-grow); flex-shrink: var(--flex-shrink); order: var(--order); align-self: var(--align-self); --swiper-theme-color: #000; --swiper-navigation-size: 44px; --swiper-pagination-bullet-size: 6px; --swiper-pagination-bullet-horizontal-gap: 6px; width: 510px;\" data-id=\"d4a3b5e\" data-element_type=\"column\"><div style=\"width: 510px;\"><div style=\"flex-basis: var(--flex-basis); flex-grow: var(--flex-grow); flex-shrink: var(--flex-shrink); order: var(--order); align-self: var(--align-self); flex-direction: var(--flex-direction); flex-wrap: var(--flex-wrap); justify-content: var(--justify-content); align-items: var(--align-items); align-content: var(--align-content); gap: var(--gap); --swiper-theme-color: #000; --swiper-navigation-size: 44px; --swiper-pagination-bullet-size: 6px; --swiper-pagination-bullet-horizontal-gap: 6px; width: 490px;\" data-id=\"36786ed\" data-element_type=\"widget\" data-widget_type=\"heading.default\"><div style=\"transition: background .3s,border .3s,border-radius .3s,box-shadow .3s,transform var(--e-transform-transition-duration,.4s);\"><h2><span style=\"font-family: inherit; font-style: inherit;\">Wein &amp; Cocktailbar auf dem Matjesfest in Emden<\/span><\/h2><\/div><\/div><\/div><\/div><div style=\"flex-basis: var(--flex-basis); flex-grow: var(--flex-grow); flex-shrink: var(--flex-shrink); order: var(--order); align-self: var(--align-self); --swiper-theme-color: #000; --swiper-navigation-size: 44px; --swiper-pagination-bullet-size: 6px; --swiper-pagination-bullet-horizontal-gap: 6px; width: 510px;\" data-id=\"089894b\" data-element_type=\"column\"><div style=\"width: 510px;\"><div style=\"flex-basis: var(--flex-basis); flex-grow: var(--flex-grow); flex-shrink: var(--flex-shrink); order: var(--order); align-self: var(--align-self); flex-direction: var(--flex-direction); flex-wrap: var(--flex-wrap); justify-content: var(--justify-content); align-items: var(--align-items); align-content: var(--align-content); gap: var(--gap); --swiper-theme-color: #000; --swiper-navigation-size: 44px; --swiper-pagination-bullet-size: 6px; --swiper-pagination-bullet-horizontal-gap: 6px; width: 490px;\" data-id=\"980f791\" data-element_type=\"widget\" data-widget_type=\"text-editor.default\"><div style=\"transition: background .3s,border .3s,border-radius .3s,box-shadow .3s,transform var(--e-transform-transition-duration,.4s);\"><p>Der RT 12 hat auf dem Emder Matjesfest die Wein &amp; Cocktailbar etabliert. Mit bewehrtem Charme bieten wir einen Platz zum Verweilen, etwas abseits des Get\u00fcmmels. Gute Stimmung leckere Drinks bis in die Nacht hinein!<\/p><\/div><\/div><\/div><\/div>\t\t\t\t\t\t<\/div>\n\t\t\t\t<\/div>\n\t\t\t\t<div class=\"elementor-element elementor-element-6de88c0 elementor-widget elementor-widget-image\" data-id=\"6de88c0\" data-element_type=\"widget\" data-widget_type=\"image.default\">\n\t\t\t\t<div class=\"elementor-widget-container\">\n\t\t\t\t\t\t\t\t\t\t\t\t\t<img fetchpriority=\"high\" decoding=\"async\" width=\"1024\" height=\"577\" src=\"https:\/\/rt-12.de\/wp-content\/uploads\/2024\/10\/20240601_122434-1024x577.jpg\" class=\"attachment-large size-large wp-image-273\" alt=\"\" srcset=\"https:\/\/rt-12.de\/wp-content\/uploads\/2024\/10\/20240601_122434-1024x577.jpg 1024w, https:\/\/rt-12.de\/wp-content\/uploads\/2024\/10\/20240601_122434-300x169.jpg 300w, https:\/\/rt-12.de\/wp-content\/uploads\/2024\/10\/20240601_122434-768x432.jpg 768w, https:\/\/rt-12.de\/wp-content\/uploads\/2024\/10\/20240601_122434-1536x865.jpg 1536w, https:\/\/rt-12.de\/wp-content\/uploads\/2024\/10\/20240601_122434-2048x1153.jpg 2048w\" sizes=\"(max-width: 1024px) 100vw, 1024px\" \/>\t\t\t\t\t\t\t\t\t\t\t\t\t<\/div>\n\t\t\t\t<\/div>\n\t\t\t\t<div class=\"elementor-element elementor-element-9a9188c elementor-widget elementor-widget-image\" data-id=\"9a9188c\" data-element_type=\"widget\" data-widget_type=\"image.default\">\n\t\t\t\t<div class=\"elementor-widget-container\">\n\t\t\t\t\t\t\t\t\t\t\t\t\t<img decoding=\"async\" width=\"1024\" height=\"577\" src=\"https:\/\/rt-12.de\/wp-content\/uploads\/2024\/10\/20240601_122409-1024x577.jpg\" class=\"attachment-large size-large wp-image-274\" alt=\"\" srcset=\"https:\/\/rt-12.de\/wp-content\/uploads\/2024\/10\/20240601_122409-1024x577.jpg 1024w, https:\/\/rt-12.de\/wp-content\/uploads\/2024\/10\/20240601_122409-300x169.jpg 300w, https:\/\/rt-12.de\/wp-content\/uploads\/2024\/10\/20240601_122409-768x432.jpg 768w, https:\/\/rt-12.de\/wp-content\/uploads\/2024\/10\/20240601_122409-1536x865.jpg 1536w, https:\/\/rt-12.de\/wp-content\/uploads\/2024\/10\/20240601_122409-2048x1153.jpg 2048w\" sizes=\"(max-width: 1024px) 100vw, 1024px\" \/>\t\t\t\t\t\t\t\t\t\t\t\t\t<\/div>\n\t\t\t\t<\/div>\n\t\t\t\t\t<\/div>\n\t\t<\/div>\n\t\t\t\t\t<\/div>\n\t\t<\/section>\n\t\t\t\t<\/div>\n\t\t","protected":false},"excerpt":{"rendered":"<p>Herzlich Willkommen bei RT 12 Emden\/Leer RT 12 Emden\/Leer\u00a0&#8211; das sind junge M\u00e4nner im Alter bis 40 Jahren aus unterschiedlichen Berufen und Wirkungskreisen. RT 12 wurde 1958 gegr\u00fcndet und ist damit einer der \u00e4ltesten Tische in Deutschland. Weitere Informationen zu Round Table Deutschland gibt es unter\u00a0www.round-table.de. Neben dem Austausch untereinander und der damit verbundenen Auseinandersetzung &#8230; <a title=\"Willkommen\" class=\"read-more\" href=\"https:\/\/rt-12.de\/\" aria-label=\"Mehr dazu unter Willkommen\">Weiterlesen<\/a><\/p>\n","protected":false},"author":1,"featured_media":0,"parent":0,"menu_order":0,"comment_status":"closed","ping_status":"closed","template":"","meta":{"footnotes":""},"class_list":["post-2","page","type-page","status-publish"],"_links":{"self":[{"href":"https:\/\/rt-12.de\/index.php?rest_route=\/wp\/v2\/pages\/2"}],"collection":[{"href":"https:\/\/rt-12.de\/index.php?rest_route=\/wp\/v2\/pages"}],"about":[{"href":"https:\/\/rt-12.de\/index.php?rest_route=\/wp\/v2\/types\/page"}],"author":[{"embeddable":true,"href":"https:\/\/rt-12.de\/index.php?rest_route=\/wp\/v2\/users\/1"}],"replies":[{"embeddable":true,"href":"https:\/\/rt-12.de\/index.php?rest_route=%2Fwp%2Fv2%2Fcomments&post=2"}],"version-history":[{"count":33,"href":"https:\/\/rt-12.de\/index.php?rest_route=\/wp\/v2\/pages\/2\/revisions"}],"predecessor-version":[{"id":357,"href":"https:\/\/rt-12.de\/index.php?rest_route=\/wp\/v2\/pages\/2\/revisions\/357"}],"wp:attachment":[{"href":"https:\/\/rt-12.de\/index.php?rest_route=%2Fwp%2Fv2%2Fmedia&parent=2"}],"curies":[{"name":"wp","href":"https:\/\/api.w.org\/{rel}","templated":true}]}}